{"id":4556,"date":"2016-03-01T11:46:32","date_gmt":"2016-03-01T11:46:32","guid":{"rendered":"http:\/\/arvengconsulting.com\/en\/?page_id=4556"},"modified":"2018-01-13T11:47:50","modified_gmt":"2018-01-13T11:47:50","slug":"engineering","status":"publish","type":"page","link":"https:\/\/test.arvengtraining.com\/en\/engineering\/","title":{"rendered":"Engineering"},"content":{"rendered":"<div class=\"wpb-content-wrapper\"><p>[vc_row][vc_column width=&#8221;1\/6&#8243;][\/vc_column][vc_column width=&#8221;2\/3&#8243;][vc_column_text css=&#8221;.vc_custom_1457770568843{margin-right: 15px !important;margin-left: 15px !important;}&#8221;]<\/p>\n<p style=\"text-align: justify;\"><strong>A trav\u00e9s de la experiencia recogida tras 20 a\u00f1os participando en proyectos<\/strong> multidisciplinares en sectores como el Petroqu\u00edmico, el de Generaci\u00f3n de Energ\u00eda o el sector Industrial en General, proporcionamos respuestas y soluciones a requerimientos concretos, <strong>esforz\u00e1ndonos en conseguir relaciones duraderas y beneficiosas para todos<\/strong>.<\/p>\n<p style=\"text-align: justify;\">Desde los comienzos ARVENG ha aportado <strong>cercan\u00eda, responsabilidad y sobre todas las cosas, compromiso en cada una de las relaciones desarrolladas<\/strong>. Dejamos en manos de nuestros clientes a trav\u00e9s de sus referencias nuestra capacidad para captar trabajo, prueba de la confianza en nuestras relaciones y compromiso en los trabajos desarrollados.<\/p>\n<p>[\/vc_column_text][\/vc_column][vc_column width=&#8221;1\/6&#8243;][\/vc_column][\/vc_row][vc_row][vc_column width=&#8221;1\/6&#8243;][\/vc_column][vc_column width=&#8221;2\/3&#8243;][vc_custom_heading text=&#8221;&#8220;Tus proyectos son nuestros proyectos, deseamos acompa\u00f1arte&#8220;&#8221; font_container=&#8221;tag:h2|text_align:center&#8221; google_fonts=&#8221;font_family:Montserrat%3Aregular%2C700|font_style:400%20regular%3A400%3Anormal&#8221;][vc_empty_space height=&#8221;25px&#8221;][vc_row_inner][vc_column_inner width=&#8221;1\/3&#8243;][vc_single_image image=&#8221;3555&#8243; alignment=&#8221;center&#8221;][vc_custom_heading text=&#8221;Asesoramiento t\u00e9cnico&#8221; font_container=&#8221;tag:h2|font_size:23|text_align:center&#8221; google_fonts=&#8221;font_family:Montserrat%3Aregular%2C700|font_style:400%20regular%3A400%3Anormal&#8221; css=&#8221;.vc_custom_1454808270973{margin-top: -15px !important;}&#8221;][vc_empty_space height=&#8221;25px&#8221;][\/vc_column_inner][vc_column_inner width=&#8221;1\/3&#8243;][vc_single_image image=&#8221;4874&#8243; alignment=&#8221;center&#8221;][vc_custom_heading text=&#8221;Optimizaci\u00f3n de procesos<br \/>\n&#8221; font_container=&#8221;tag:h2|font_size:23|text_align:center&#8221; google_fonts=&#8221;font_family:Montserrat%3Aregular%2C700|font_style:400%20regular%3A400%3Anormal&#8221; css=&#8221;.vc_custom_1454808291669{margin-top: -15px !important;}&#8221;][vc_empty_space height=&#8221;25px&#8221;][\/vc_column_inner][vc_column_inner width=&#8221;1\/3&#8243;][vc_single_image image=&#8221;3557&#8243; alignment=&#8221;center&#8221;][vc_custom_heading text=&#8221;Ingenier\u00eda b\u00e1sica y de detalle&#8221; font_container=&#8221;tag:h2|font_size:23|text_align:center&#8221; google_fonts=&#8221;font_family:Montserrat%3Aregular%2C700|font_style:400%20regular%3A400%3Anormal&#8221; css=&#8221;.vc_custom_1454808312679{margin-top: -15px !important;}&#8221;][vc_empty_space height=&#8221;25px&#8221;][\/vc_column_inner][\/vc_row_inner][\/vc_column][vc_column width=&#8221;1\/6&#8243;][\/vc_column][\/vc_row][vc_row][vc_column width=&#8221;1\/6&#8243;][\/vc_column][vc_column width=&#8221;2\/3&#8243;][vc_column_text css=&#8221;.vc_custom_1515844063056{margin-right: 15px !important;margin-left: 15px !important;}&#8221;]<\/p>\n<p style=\"text-align: justify;\">Brindamos <strong>asesoramiento t\u00e9cnico especializado<\/strong>, consultor\u00eda y desarrollo de proyectos tales como: <strong>C\u00e1lculo de Equipos Mec\u00e1nicos, C\u00e1lculo de Estructuras, Dise\u00f1o de Tuber\u00edas, An\u00e1lisis de Flexibilidad de Tuber\u00edas, Ingenier\u00eda de Procesos, procedimientos de Soldadura y Ensayos No Destructivos, etc.<\/strong><\/p>\n<p style=\"text-align: justify;\">A la hora de desarrollar estos alcances no estamos solos. Aparte de nuestro equipo de ingenieros y profesionales de distintos campos, <strong>contamos con empresas colaboradoras que nos permiten complementar nuestras capacidades<\/strong> y hacer frente a mayores desaf\u00edos.<\/p>\n<p style=\"text-align: justify;\"><span style=\"color: #ff0000;\"><a style=\"color: #ff0000; text-decoration: none;\" href=\"https:\/\/test.arvengtraining.com\/contacto\/\">Cu\u00e9ntanos tu proyecto y requerimientos<\/a><strong>,<\/strong><\/span> estaremos encantados de encontrar una soluci\u00f3n eficiente y rentable a tus necesidades.<\/p>\n<p>[\/vc_column_text][vc_btn title=&#8221;\u00a1Cu\u00e9ntanos tu Proyecto!&#8221; shape=&#8221;square&#8221; color=&#8221;danger&#8221; size=&#8221;lg&#8221; align=&#8221;right&#8221; i_icon_fontawesome=&#8221;fa fa-envelope&#8221; add_icon=&#8221;true&#8221; link=&#8221;url:https%3A%2F%2Farvengconsulting.com%2Fcontacto%2F|&#8221;][\/vc_column][vc_column width=&#8221;1\/6&#8243;][\/vc_column][\/vc_row]<\/p>\n<\/div>","protected":false},"excerpt":{"rendered":"<p>[vc_row][vc_column width=&#8221;1\/6&#8243;][\/vc_column][vc_column width=&#8221;2\/3&#8243;][vc_column_text css=&#8221;.vc_custom_1457770568843{margin-right: 15px !important;margin-left: 15px !important;}&#8221;] A trav\u00e9s de la experiencia recogida tras 20 a\u00f1os participando en proyectos multidisciplinares en sectores como el Petroqu\u00edmico, el de Generaci\u00f3n de Energ\u00eda o el sector Industrial en General, proporcionamos respuestas y soluciones a requerimientos concretos, esforz\u00e1ndonos en conseguir relaciones duraderas y beneficiosas para todos. Desde los [&hellip;]<\/p>\n","protected":false},"author":1,"featured_media":0,"parent":0,"menu_order":0,"comment_status":"closed","ping_status":"closed","template":"","meta":{"courseId":0,"footnotes":""},"class_list":["post-4556","page","type-page","status-publish","hentry"],"yoast_head":"<!-- This site is optimized with the Yoast SEO plugin v26.6 - https:\/\/yoast.com\/wordpress\/plugins\/seo\/ -->\n<title>Engineering - Arveng Training &amp; Engineering<\/title>\n<meta name=\"robots\" content=\"index, follow, max-snippet:-1, max-image-preview:large, max-video-preview:-1\" \/>\n<link rel=\"canonical\" href=\"https:\/\/test.arvengtraining.com\/en\/engineering\/\" \/>\n<meta property=\"og:locale\" content=\"en_US\" \/>\n<meta property=\"og:type\" content=\"article\" \/>\n<meta property=\"og:title\" content=\"Engineering - Arveng Training &amp; Engineering\" \/>\n<meta property=\"og:description\" content=\"[vc_row][vc_column width=&#8221;1\/6&#8243;][\/vc_column][vc_column width=&#8221;2\/3&#8243;][vc_column_text css=&#8221;.vc_custom_1457770568843{margin-right: 15px !important;margin-left: 15px !important;}&#8221;] A trav\u00e9s de la experiencia recogida tras 20 a\u00f1os participando en proyectos multidisciplinares en sectores como el Petroqu\u00edmico, el de Generaci\u00f3n de Energ\u00eda o el sector Industrial en General, proporcionamos respuestas y soluciones a requerimientos concretos, esforz\u00e1ndonos en conseguir relaciones duraderas y beneficiosas para todos. Desde los [&hellip;]\" \/>\n<meta property=\"og:url\" content=\"https:\/\/test.arvengtraining.com\/en\/engineering\/\" \/>\n<meta property=\"og:site_name\" content=\"Arveng Training &amp; Engineering\" \/>\n<meta property=\"article:publisher\" content=\"https:\/\/www.facebook.com\/ArvengTraining\" \/>\n<meta property=\"article:modified_time\" content=\"2018-01-13T11:47:50+00:00\" \/>\n<meta name=\"twitter:card\" content=\"summary_large_image\" \/>\n<meta name=\"twitter:site\" content=\"@ArvengTraining\" \/>\n<meta name=\"twitter:label1\" content=\"Est. reading time\" \/>\n\t<meta name=\"twitter:data1\" content=\"3 minutes\" \/>\n<script type=\"application\/ld+json\" class=\"yoast-schema-graph\">{\"@context\":\"https:\/\/schema.org\",\"@graph\":[{\"@type\":\"WebPage\",\"@id\":\"https:\/\/test.arvengtraining.com\/en\/engineering\/\",\"url\":\"https:\/\/test.arvengtraining.com\/en\/engineering\/\",\"name\":\"Engineering - Arveng Training &amp; Engineering\",\"isPartOf\":{\"@id\":\"https:\/\/test.arvengtraining.com\/#website\"},\"datePublished\":\"2016-03-01T11:46:32+00:00\",\"dateModified\":\"2018-01-13T11:47:50+00:00\",\"breadcrumb\":{\"@id\":\"https:\/\/test.arvengtraining.com\/en\/engineering\/#breadcrumb\"},\"inLanguage\":\"en-US\",\"potentialAction\":[{\"@type\":\"ReadAction\",\"target\":[\"https:\/\/test.arvengtraining.com\/en\/engineering\/\"]}]},{\"@type\":\"BreadcrumbList\",\"@id\":\"https:\/\/test.arvengtraining.com\/en\/engineering\/#breadcrumb\",\"itemListElement\":[{\"@type\":\"ListItem\",\"position\":1,\"name\":\"Portada\",\"item\":\"https:\/\/test.arvengtraining.com\/en\/arveng-training-engineering\/\"},{\"@type\":\"ListItem\",\"position\":2,\"name\":\"Engineering\"}]},{\"@type\":\"WebSite\",\"@id\":\"https:\/\/test.arvengtraining.com\/#website\",\"url\":\"https:\/\/test.arvengtraining.com\/\",\"name\":\"Arveng Training Engineering | Cursos y Master en Ingenier\u00eda\",\"description\":\"We provide Specialized Training &amp; Engineering Services, answers and solutions for specific requirements.\",\"publisher\":{\"@id\":\"https:\/\/test.arvengtraining.com\/#organization\"},\"alternateName\":\"Arveng Training & Engineering - Formaci\u00f3n en ingenier\u00eda online\/presencial\",\"potentialAction\":[{\"@type\":\"SearchAction\",\"target\":{\"@type\":\"EntryPoint\",\"urlTemplate\":\"https:\/\/test.arvengtraining.com\/?s={search_term_string}\"},\"query-input\":{\"@type\":\"PropertyValueSpecification\",\"valueRequired\":true,\"valueName\":\"search_term_string\"}}],\"inLanguage\":\"en-US\"},{\"@type\":[\"Organization\",\"Place\"],\"@id\":\"https:\/\/test.arvengtraining.com\/#organization\",\"name\":\"Arveng Training Engineering | Cursos y Master en Ingenier\u00eda\",\"url\":\"https:\/\/test.arvengtraining.com\/\",\"logo\":{\"@id\":\"https:\/\/test.arvengtraining.com\/en\/engineering\/#local-main-organization-logo\"},\"image\":{\"@id\":\"https:\/\/test.arvengtraining.com\/en\/engineering\/#local-main-organization-logo\"},\"sameAs\":[\"https:\/\/www.facebook.com\/ArvengTraining\",\"https:\/\/x.com\/ArvengTraining\",\"https:\/\/www.linkedin.com\/in\/arvengtraining\/\",\"http:\/\/wwwyoutube.com\/ArvengTraining\",\"https:\/\/www.instagram.com\/arveng_training\",\"https:\/\/www.linkedin.com\/company\/arvengtraining\/\"],\"address\":{\"@id\":\"https:\/\/test.arvengtraining.com\/en\/engineering\/#local-main-place-address\"},\"geo\":{\"@type\":\"GeoCoordinates\",\"latitude\":\"40.488398\",\"longitude\":\"-3.67123715\"},\"telephone\":[\"913 40 88 51\"],\"contactPoint\":{\"@type\":\"ContactPoint\",\"telephone\":\"913408851\",\"email\":\"info@arvenggroup.com\"},\"openingHoursSpecification\":[{\"@type\":\"OpeningHoursSpecification\",\"dayOfWeek\":[\"Monday\",\"Tuesday\",\"Wednesday\",\"Thursday\",\"Friday\"],\"opens\":\"09:00\",\"closes\":\"17:30\"},{\"@type\":\"OpeningHoursSpecification\",\"dayOfWeek\":[\"Saturday\",\"Sunday\"],\"opens\":\"00:00\",\"closes\":\"00:00\"}],\"email\":\"info@arvenggroup.com\",\"vatID\":\"B87794293\"},{\"@type\":\"PostalAddress\",\"@id\":\"https:\/\/test.arvengtraining.com\/en\/engineering\/#local-main-place-address\",\"streetAddress\":\"Av. de Manoteras, 10, edificio b oficina 111, Hortaleza\",\"addressLocality\":\"Madrid\",\"postalCode\":\"28050\",\"addressRegion\":\"Madrid\",\"addressCountry\":\"ES\"},{\"@type\":\"ImageObject\",\"inLanguage\":\"en-US\",\"@id\":\"https:\/\/test.arvengtraining.com\/en\/engineering\/#local-main-organization-logo\",\"url\":\"https:\/\/test.arvengtraining.com\/wp-content\/uploads\/2020\/04\/ARVENG-RGB-LOGO-VECTORIAL-2-840x430-1-e1588673301938.jpg\",\"contentUrl\":\"https:\/\/test.arvengtraining.com\/wp-content\/uploads\/2020\/04\/ARVENG-RGB-LOGO-VECTORIAL-2-840x430-1-e1588673301938.jpg\",\"width\":750,\"height\":384,\"caption\":\"Arveng Training Engineering | Cursos y Master en Ingenier\u00eda\"}]}<\/script>\n<meta name=\"geo.placename\" content=\"Madrid\" \/>\n<meta name=\"geo.position\" content=\"40.488398;-3.67123715\" \/>\n<meta name=\"geo.region\" content=\"Spain\" \/>\n<!-- \/ Yoast SEO plugin. -->","yoast_head_json":{"title":"Engineering - Arveng Training &amp; Engineering","robots":{"index":"index","follow":"follow","max-snippet":"max-snippet:-1","max-image-preview":"max-image-preview:large","max-video-preview":"max-video-preview:-1"},"canonical":"https:\/\/test.arvengtraining.com\/en\/engineering\/","og_locale":"en_US","og_type":"article","og_title":"Engineering - Arveng Training &amp; Engineering","og_description":"[vc_row][vc_column width=&#8221;1\/6&#8243;][\/vc_column][vc_column width=&#8221;2\/3&#8243;][vc_column_text css=&#8221;.vc_custom_1457770568843{margin-right: 15px !important;margin-left: 15px !important;}&#8221;] A trav\u00e9s de la experiencia recogida tras 20 a\u00f1os participando en proyectos multidisciplinares en sectores como el Petroqu\u00edmico, el de Generaci\u00f3n de Energ\u00eda o el sector Industrial en General, proporcionamos respuestas y soluciones a requerimientos concretos, esforz\u00e1ndonos en conseguir relaciones duraderas y beneficiosas para todos. Desde los [&hellip;]","og_url":"https:\/\/test.arvengtraining.com\/en\/engineering\/","og_site_name":"Arveng Training &amp; Engineering","article_publisher":"https:\/\/www.facebook.com\/ArvengTraining","article_modified_time":"2018-01-13T11:47:50+00:00","twitter_card":"summary_large_image","twitter_site":"@ArvengTraining","twitter_misc":{"Est. reading time":"3 minutes"},"schema":{"@context":"https:\/\/schema.org","@graph":[{"@type":"WebPage","@id":"https:\/\/test.arvengtraining.com\/en\/engineering\/","url":"https:\/\/test.arvengtraining.com\/en\/engineering\/","name":"Engineering - Arveng Training &amp; Engineering","isPartOf":{"@id":"https:\/\/test.arvengtraining.com\/#website"},"datePublished":"2016-03-01T11:46:32+00:00","dateModified":"2018-01-13T11:47:50+00:00","breadcrumb":{"@id":"https:\/\/test.arvengtraining.com\/en\/engineering\/#breadcrumb"},"inLanguage":"en-US","potentialAction":[{"@type":"ReadAction","target":["https:\/\/test.arvengtraining.com\/en\/engineering\/"]}]},{"@type":"BreadcrumbList","@id":"https:\/\/test.arvengtraining.com\/en\/engineering\/#breadcrumb","itemListElement":[{"@type":"ListItem","position":1,"name":"Portada","item":"https:\/\/test.arvengtraining.com\/en\/arveng-training-engineering\/"},{"@type":"ListItem","position":2,"name":"Engineering"}]},{"@type":"WebSite","@id":"https:\/\/test.arvengtraining.com\/#website","url":"https:\/\/test.arvengtraining.com\/","name":"Arveng Training Engineering | Cursos y Master en Ingenier\u00eda","description":"We provide Specialized Training &amp; Engineering Services, answers and solutions for specific requirements.","publisher":{"@id":"https:\/\/test.arvengtraining.com\/#organization"},"alternateName":"Arveng Training & Engineering - Formaci\u00f3n en ingenier\u00eda online\/presencial","potentialAction":[{"@type":"SearchAction","target":{"@type":"EntryPoint","urlTemplate":"https:\/\/test.arvengtraining.com\/?s={search_term_string}"},"query-input":{"@type":"PropertyValueSpecification","valueRequired":true,"valueName":"search_term_string"}}],"inLanguage":"en-US"},{"@type":["Organization","Place"],"@id":"https:\/\/test.arvengtraining.com\/#organization","name":"Arveng Training Engineering | Cursos y Master en Ingenier\u00eda","url":"https:\/\/test.arvengtraining.com\/","logo":{"@id":"https:\/\/test.arvengtraining.com\/en\/engineering\/#local-main-organization-logo"},"image":{"@id":"https:\/\/test.arvengtraining.com\/en\/engineering\/#local-main-organization-logo"},"sameAs":["https:\/\/www.facebook.com\/ArvengTraining","https:\/\/x.com\/ArvengTraining","https:\/\/www.linkedin.com\/in\/arvengtraining\/","http:\/\/wwwyoutube.com\/ArvengTraining","https:\/\/www.instagram.com\/arveng_training","https:\/\/www.linkedin.com\/company\/arvengtraining\/"],"address":{"@id":"https:\/\/test.arvengtraining.com\/en\/engineering\/#local-main-place-address"},"geo":{"@type":"GeoCoordinates","latitude":"40.488398","longitude":"-3.67123715"},"telephone":["913 40 88 51"],"contactPoint":{"@type":"ContactPoint","telephone":"913408851","email":"info@arvenggroup.com"},"openingHoursSpecification":[{"@type":"OpeningHoursSpecification","dayOfWeek":["Monday","Tuesday","Wednesday","Thursday","Friday"],"opens":"09:00","closes":"17:30"},{"@type":"OpeningHoursSpecification","dayOfWeek":["Saturday","Sunday"],"opens":"00:00","closes":"00:00"}],"email":"info@arvenggroup.com","vatID":"B87794293"},{"@type":"PostalAddress","@id":"https:\/\/test.arvengtraining.com\/en\/engineering\/#local-main-place-address","streetAddress":"Av. de Manoteras, 10, edificio b oficina 111, Hortaleza","addressLocality":"Madrid","postalCode":"28050","addressRegion":"Madrid","addressCountry":"ES"},{"@type":"ImageObject","inLanguage":"en-US","@id":"https:\/\/test.arvengtraining.com\/en\/engineering\/#local-main-organization-logo","url":"https:\/\/test.arvengtraining.com\/wp-content\/uploads\/2020\/04\/ARVENG-RGB-LOGO-VECTORIAL-2-840x430-1-e1588673301938.jpg","contentUrl":"https:\/\/test.arvengtraining.com\/wp-content\/uploads\/2020\/04\/ARVENG-RGB-LOGO-VECTORIAL-2-840x430-1-e1588673301938.jpg","width":750,"height":384,"caption":"Arveng Training Engineering | Cursos y Master en Ingenier\u00eda"}]},"geo.placename":"Madrid","geo.position":{"lat":"40.488398","long":"-3.67123715"},"geo.region":"Spain"},"_links":{"self":[{"href":"https:\/\/test.arvengtraining.com\/en\/wp-json\/wp\/v2\/pages\/4556","targetHints":{"allow":["GET"]}}],"collection":[{"href":"https:\/\/test.arvengtraining.com\/en\/wp-json\/wp\/v2\/pages"}],"about":[{"href":"https:\/\/test.arvengtraining.com\/en\/wp-json\/wp\/v2\/types\/page"}],"author":[{"embeddable":true,"href":"https:\/\/test.arvengtraining.com\/en\/wp-json\/wp\/v2\/users\/1"}],"replies":[{"embeddable":true,"href":"https:\/\/test.arvengtraining.com\/en\/wp-json\/wp\/v2\/comments?post=4556"}],"version-history":[{"count":0,"href":"https:\/\/test.arvengtraining.com\/en\/wp-json\/wp\/v2\/pages\/4556\/revisions"}],"wp:attachment":[{"href":"https:\/\/test.arvengtraining.com\/en\/wp-json\/wp\/v2\/media?parent=4556"}],"curies":[{"name":"wp","href":"https:\/\/api.w.org\/{rel}","templated":true}]}}